{"id":8,"date":"2021-11-22T16:26:55","date_gmt":"2021-11-22T16:26:55","guid":{"rendered":"https:\/\/sacanucleosyanclajes.com\/index.php\/pagina-de-inicio\/"},"modified":"2026-03-07T13:20:17","modified_gmt":"2026-03-07T13:20:17","slug":"pagina-de-inicio","status":"publish","type":"page","link":"https:\/\/sacanucleosyanclajes.com\/","title":{"rendered":"Home"},"content":{"rendered":"<div id=\"pl-8\"  class=\"panel-layout\" ><div id=\"pg-8-0\"  class=\"panel-grid panel-has-style\" ><div class=\"siteorigin-panels-stretch panel-row-style panel-row-style-for-8-0\" data-stretch-type=\"full-stretched\" ><div id=\"pgc-8-0-0\"  class=\"panel-grid-cell\" ><div id=\"panel-8-0-0-0\" class=\"so-panel widget widget_sow-hero panel-first-child panel-last-child\" data-index=\"0\" ><div class=\"so-widget-sow-hero so-widget-sow-hero-default-eaad33bb9c28-8 so-widget-fittext-wrapper\" data-fit-text-compressor=\"1.25\"><div class=\"sow-slider-base\" style=\"display: none\"><ul class=\"sow-slider-images\" data-settings=\"{&quot;pagination&quot;:true,&quot;speed&quot;:800,&quot;timeout&quot;:8000,&quot;paused&quot;:true,&quot;pause_on_hover&quot;:false,&quot;swipe&quot;:true,&quot;nav_always_show_desktop&quot;:&quot;&quot;,&quot;nav_always_show_mobile&quot;:&quot;&quot;,&quot;breakpoint&quot;:&quot;780px&quot;,&quot;unmute&quot;:false}\">\t\t<li class=\"sow-slider-image  sow-slider-image-cover\" style=\"background-color: #222222\" >\n\t\t\t\t\t<div class=\"sow-slider-image-container\">\n\t\t\t<div class=\"sow-slider-image-wrapper\">\n\t\t\t\t<h1><\/h1>\n<h2 style=\"text-align: center\">SACANUCLEOS Y ANCLAJES<\/h2>\n<p style=\"text-align: center\">Puntos de anclaje certificado\u00a0 (cumpliendo Resoluci\u00f3n 4272 de 2021) , sistemas de seguridad para trabajos en alturas, Sellos Cortafuegos, L\u00edneas de Vida vertical y horizontal en guaya inoxidable, Retr\u00e1ctil, Demoliciones y Sacanucleos. Sistemas anti ca\u00eddas.<\/p>\n<p>&nbsp;<\/p>\n<p>&nbsp;<\/p>\n\t\t\t<\/div>\n\t\t<\/div>\n\t\t<div class=\"sow-slider-image-overlay sow-slider-image-cover\" style=\"background-image: url(https:\/\/sacanucleosyanclajes.com\/wp-content\/uploads\/2021\/11\/Portada-Sacanucleos.jpg);opacity: 0.35\"  ><\/div>\t\t<\/li>\n\t\t<\/ul>\t\t\t\t<ol class=\"sow-slider-pagination\">\n\t\t\t\t\t\t\t\t\t\t\t<li><a href=\"#\" data-goto=\"0\" aria-label=\"mostrar diapositiva 1\"><\/a><\/li>\n\t\t\t\t\t\t\t\t\t<\/ol>\n\n\t\t\t\t<div class=\"sow-slide-nav sow-slide-nav-next\">\n\t\t\t\t\t<a href=\"#\" data-goto=\"next\" aria-label=\"diapositiva siguiente\" data-action=\"next\">\n\t\t\t\t\t\t<em class=\"sow-sld-icon-thin-right\"><\/em>\n\t\t\t\t\t<\/a>\n\t\t\t\t<\/div>\n\n\t\t\t\t<div class=\"sow-slide-nav sow-slide-nav-prev\">\n\t\t\t\t\t<a href=\"#\" data-goto=\"previous\" aria-label=\"diapositiva anterior\" data-action=\"prev\">\n\t\t\t\t\t\t<em class=\"sow-sld-icon-thin-left\"><\/em>\n\t\t\t\t\t<\/a>\n\t\t\t\t<\/div>\n\t\t\t\t<\/div><\/div><\/div><\/div><\/div><\/div><div id=\"pg-8-1\"  class=\"panel-grid panel-has-style\" ><div class=\"siteorigin-panels-stretch panel-row-style panel-row-style-for-8-1\" data-stretch-type=\"full\" ><div id=\"pgc-8-1-0\"  class=\"panel-grid-cell\" ><div id=\"panel-8-1-0-0\" class=\"so-panel widget widget_sow-headline panel-first-child\" data-index=\"1\" ><div class=\"panel-widget-style panel-widget-style-for-8-1-0-0\" ><div class=\"so-widget-sow-headline so-widget-sow-headline-default-aa7ab7db8a55-8 so-widget-fittext-wrapper\" data-fit-text-compressor=\"0.85\"><div class=\"sow-headline-container \">\n\t<h2 class='sow-headline'>Nuestros Servicios<\/h2><p class='sow-sub-headline'>Buscamos siempre la calidad, eficiencia y agilidad en obra.<br \/> Nuestros colaboradores son personas amables, comprometidas y capacitadas. <br \/>Usamos m\u00e1quinas y ep\u00f3xicos HILTI. <\/p><\/div><\/div><\/div><\/div><div id=\"panel-8-1-0-1\" class=\"so-panel widget widget_sow-features panel-last-child\" data-index=\"2\" ><div class=\"panel-widget-style panel-widget-style-for-8-1-0-1\" ><div class=\"so-widget-sow-features so-widget-sow-features-default-f72e530721bd-8\">\n<div class=\"sow-features-list sow-features-responsive\">\n\n\t\t\t\n\t\t\t<div class=\"sow-features-feature sow-icon-container-position-top \" style=\"width: 33.333%\">\n\n\t\t\t\t\t\t\t\t<div\n\t\t\t\t\tclass=\"sow-icon-container sow-container-none\"\n                    style=\"color: #404040; \"\n\t\t\t\t\ttitle=\"ANCLAJES EPOXICOS CERTIFICADOS\">\n\t\t\t\t\t<div class=\"sow-icon-image\" style=\"background-image: url(https:\/\/sacanucleosyanclajes.com\/wp-content\/uploads\/2021\/11\/Anclaje-epoxico-e1637606608976.jpg); font-size: 200px\"><\/div>\t\t\t\t<\/div>\n\t\t\t\t\n\t\t\t\t<div class=\"textwidget\">\n\t\t\t\t\t\t\t\t\t\t\t<h5>\n\t\t\t\t\t\t\t\n\t\t\t\t\t\t\tANCLAJES EPOXICOS <br \/> CERTIFICADOS\t\t\t\t\t\t\t\t\t\t\t\t\t<\/h5>\n\t\t\t\t\t\n\t\t\t\t\t\t\t\t\t\t\t<p style=\"text-align: left;\">- Dise\u00f1o e instalaci\u00f3n certificada de anclajes estructurales.<br \/>\n- Memoria de c\u00e1lculo PROFIS HILTI.<br \/>\n- Se entrega documentaci\u00f3n del ingeniero firmante.<\/p>\n\t\t\t\t\t\n\t\t\t\t\t\t\t\t\t<\/div>\n\t\t\t\t\t\t\t<\/div>\n\n\t\t\n\t\t\t<div class=\"sow-features-feature sow-icon-container-position-top \" style=\"width: 33.333%\">\n\n\t\t\t\t\t\t\t\t<div\n\t\t\t\t\tclass=\"sow-icon-container sow-container-none\"\n                    style=\"color: #404040; \"\n\t\t\t\t\ttitle=\"SELLOS CORTAFUEGOS\">\n\t\t\t\t\t<div class=\"sow-icon-image\" style=\"background-image: url(https:\/\/sacanucleosyanclajes.com\/wp-content\/uploads\/2021\/11\/SELLOS-CORTAFUEGOS.jpg); font-size: 200px\"><\/div>\t\t\t\t<\/div>\n\t\t\t\t\n\t\t\t\t<div class=\"textwidget\">\n\t\t\t\t\t\t\t\t\t\t\t<h5>\n\t\t\t\t\t\t\t\n\t\t\t\t\t\t\tSELLOS <br \/> CORTAFUEGOS\t\t\t\t\t\t\t\t\t\t\t\t\t<\/h5>\n\t\t\t\t\t\n\t\t\t\t\t\t\t\t\t\t\t<p style=\"text-align: left;\">- Normatividad t\u00e9cnica internacional de referencia Underwriters Laboratories (UL),<br \/>\n- Sellos en Juntas, Pasantes, Bandejas, Tuber\u00edas.<br \/>\n- Se entrega documentaci\u00f3n completa.<\/p>\n\t\t\t\t\t\n\t\t\t\t\t\t\t\t\t<\/div>\n\t\t\t\t\t\t\t<\/div>\n\n\t\t\n\t\t\t<div class=\"sow-features-feature sow-icon-container-position-top \" style=\"width: 33.333%\">\n\n\t\t\t\t\t\t\t\t<div\n\t\t\t\t\tclass=\"sow-icon-container sow-container-none\"\n                    style=\"color: #404040; \"\n\t\t\t\t\ttitle=\"PERFORACIONES CON SACAN\u00daCLEOS\">\n\t\t\t\t\t<div class=\"sow-icon-image\" style=\"background-image: url(https:\/\/sacanucleosyanclajes.com\/wp-content\/uploads\/2021\/11\/PERFORACIONES-.jpg); font-size: 200px\"><\/div>\t\t\t\t<\/div>\n\t\t\t\t\n\t\t\t\t<div class=\"textwidget\">\n\t\t\t\t\t\t\t\t\t\t\t<h5>\n\t\t\t\t\t\t\t\n\t\t\t\t\t\t\tPERFORACIONES <br \/> CON SACAN\u00daCLEOS\t\t\t\t\t\t\t\t\t\t\t\t\t<\/h5>\n\t\t\t\t\t\n\t\t\t\t\t\t\t\t\t\t\t<p style=\"text-align: left;\">- Perforaci\u00f3n con broca diamantada de 1\u201d a 8\u201d.<br \/>\n- Servicio con Recirculador de agua.<br \/>\n- Anclajes con Sacanucleos y suministro de pernos inoxidables.<\/p>\n\t\t\t\t\t\n\t\t\t\t\t\t\t\t\t<\/div>\n\t\t\t\t\t\t\t<\/div>\n\n\t\t\n\t\t\t<div class=\"sow-features-feature sow-icon-container-position-top sow-features-feature-last-row\" style=\"width: 33.333%\">\n\n\t\t\t\t\t\t\t\t<div\n\t\t\t\t\tclass=\"sow-icon-container sow-container-none\"\n                    style=\"color: #404040; \"\n\t\t\t\t\ttitle=\"INSTALACION DE PUNTO DE ANCLAJE CERTIFICADO\">\n\t\t\t\t\t<div class=\"sow-icon-image\" style=\"background-image: url(https:\/\/sacanucleosyanclajes.com\/wp-content\/uploads\/2023\/08\/IMAGEN-TECNICA-1-PERNO-INOX-e1693242653544.jpeg); font-size: 200px\"><\/div>\t\t\t\t<\/div>\n\t\t\t\t\n\t\t\t\t<div class=\"textwidget\">\n\t\t\t\t\t\t\t\t\t\t\t<h5>\n\t\t\t\t\t\t\t\n\t\t\t\t\t\t\tINSTALACION PUNTOS DE ANCLAJE <br \/> CERTIFICADO\t\t\t\t\t\t\t\t\t\t\t\t\t<\/h5>\n\t\t\t\t\t\n\t\t\t\t\t\t\t\t\t\t\t<p style=\"text-align: left;\">- Perno en Acero Inoxidable<br \/>\n- Resoluci\u00f3n 4272 de 2021.<br \/>\n- Pruebas de Tracci\u00f3n.<\/p>\n\t\t\t\t\t\n\t\t\t\t\t\t\t\t\t<\/div>\n\t\t\t\t\t\t\t<\/div>\n\n\t\t\n\t\t\t<div class=\"sow-features-feature sow-icon-container-position-top sow-features-feature-last-row\" style=\"width: 33.333%\">\n\n\t\t\t\t\t\t\t\t<div\n\t\t\t\t\tclass=\"sow-icon-container sow-container-none\"\n                    style=\"color: #404040; \"\n\t\t\t\t\ttitle=\"ESCALERAS DE ACCESO CON LINEA DE VIDA VERTICAL\">\n\t\t\t\t\t<div class=\"sow-icon-image\" style=\"background-image: url(https:\/\/sacanucleosyanclajes.com\/wp-content\/uploads\/2023\/10\/BARANDA-SALIDA.png); font-size: 200px\"><\/div>\t\t\t\t<\/div>\n\t\t\t\t\n\t\t\t\t<div class=\"textwidget\">\n\t\t\t\t\t\t\t\t\t\t\t<h5>\n\t\t\t\t\t\t\t\n\t\t\t\t\t\t\tESCALERA <br \/> LINEA DE VIDA VERTICAL\t\t\t\t\t\t\t\t\t\t\t\t\t<\/h5>\n\t\t\t\t\t\n\t\t\t\t\t\t\t\t\t\t\t<p style=\"text-align: left;\">- Escalera de acceso tipo gato.<br \/>\n- En Fibra, mayor duraci\u00f3n menor mantenimiento.<br \/>\n- L\u00ednea de Vida vertical guaya Inox.<\/p>\n\t\t\t\t\t\n\t\t\t\t\t\t\t\t\t<\/div>\n\t\t\t\t\t\t\t<\/div>\n\n\t\t\n\t\t\t<div class=\"sow-features-feature sow-icon-container-position-top sow-features-feature-last-row\" style=\"width: 33.333%\">\n\n\t\t\t\t\t\t\t\t<div\n\t\t\t\t\tclass=\"sow-icon-container sow-container-none\"\n                    style=\"color: #404040; \"\n\t\t\t\t\ttitle=\"INSTALACION L\u00cdNEAS DE VIDA SISTEMAS ANTICAIDAS\">\n\t\t\t\t\t<div class=\"sow-icon-image\" style=\"background-image: url(https:\/\/sacanucleosyanclajes.com\/wp-content\/uploads\/2021\/11\/lineas-de-vida-e1637606097958.jpg); font-size: 200px\"><\/div>\t\t\t\t<\/div>\n\t\t\t\t\n\t\t\t\t<div class=\"textwidget\">\n\t\t\t\t\t\t\t\t\t\t\t<h5>\n\t\t\t\t\t\t\t\n\t\t\t\t\t\t\tINSTALACI\u00d3N L\u00cdNEAS DE VIDA <br \/> SISTEMAS ANTICAIDAS\t\t\t\t\t\t\t\t\t\t\t\t\t<\/h5>\n\t\t\t\t\t\n\t\t\t\t\t\t\t\t\t\t\t<p style=\"text-align: left;\">- Certificaci\u00f3n y Recertificaci\u00f3n de L\u00edneas de vida.<br \/>\n- L\u00ednea de vida vertical y horizontal.<br \/>\n- Cumplen con la resoluci\u00f3n 4272 de 2021.<br \/>\n- Sistemas Retr\u00e1ctiles.<\/p>\n\t\t\t\t\t\n\t\t\t\t\t\t\t\t\t<\/div>\n\t\t\t\t\t\t\t<\/div>\n\n\t\t\t\n<\/div>\n<\/div><\/div><\/div><\/div><\/div><\/div><div id=\"pg-8-2\"  class=\"panel-grid panel-has-style\" ><div class=\"siteorigin-panels-stretch panel-row-style panel-row-style-for-8-2\" data-stretch-type=\"full-stretched-padded\" ><div id=\"pgc-8-2-0\"  class=\"panel-grid-cell\" ><div id=\"panel-8-2-0-0\" class=\"so-panel widget widget_sow-image panel-first-child panel-last-child\" data-index=\"3\" ><div class=\"so-widget-sow-image so-widget-sow-image-default-d6014b76747a-8\">\n\n<div class=\"sow-image-container\">\n\t\t<img alt=\"\" loading=\"lazy\" \t\tclass=\"so-widget-image\"\/>\n\t<\/div>\n\n<\/div><\/div><\/div><\/div><\/div><div id=\"pg-8-3\"  class=\"panel-grid panel-has-style\" ><div class=\"lsow-row panel-row-style panel-row-style-for-8-3\" ><div id=\"pgc-8-3-0\"  class=\"panel-grid-cell\" ><div id=\"panel-8-3-0-0\" class=\"widget_text so-panel widget widget_custom_html panel-first-child panel-last-child\" data-index=\"4\" ><h3 class=\"widget-title\">Nuestra ubicaci\u00f3n<\/h3><div class=\"textwidget custom-html-widget\"><iframe src=\"https:\/\/www.google.com\/maps\/embed?pb=!1m14!1m8!1m3!1d15666.082889863199!2d-74.8074793!3d10.9995031!3m2!1i1024!2i768!4f13.1!3m3!1m2!1s0x0%3A0x92c2c16789a0498b!2sSACANUCLEOS%20Y%20ANCLAJES%20SAS!5e0!3m2!1sen!2ses!4v1637612461731!5m2!1sen!2ses\" width=\"450\" height=\"338\" style=\"border:0;\" allowfullscreen=\"\" loading=\"lazy\"><\/iframe><\/div><\/div><\/div><div id=\"pgc-8-3-1\"  class=\"panel-grid-cell\" ><div id=\"panel-8-3-1-0\" class=\"so-panel widget widget_sow-editor panel-first-child panel-last-child\" data-index=\"5\" ><div class=\"so-widget-sow-editor so-widget-sow-editor-base\">\n<div class=\"siteorigin-widget-tinymce textwidget\">\n\t<p><img loading=\"lazy\" decoding=\"async\" class=\"wp-image-64 aligncenter\" src=\"https:\/\/sacanucleosyanclajes.com\/wp-content\/uploads\/2021\/11\/Hilti-Rothoblaas-300x81.jpg\" alt=\"\" width=\"181\" height=\"49\" srcset=\"https:\/\/sacanucleosyanclajes.com\/wp-content\/uploads\/2021\/11\/Hilti-Rothoblaas-300x81.jpg 300w, https:\/\/sacanucleosyanclajes.com\/wp-content\/uploads\/2021\/11\/Hilti-Rothoblaas.jpg 644w\" sizes=\"auto, (max-width: 181px) 100vw, 181px\" \/><\/p>\n<p style=\"text-align: center;\">SACANUCLEOS Y ANCLAJES SAS<br \/>\nCR 49 C # 75-47<br \/>\n3007799448<br \/>\nsacanucleosyanclajes@gmail.com<br \/>\nBarranquilla - Colombia<\/p>\n<p style=\"text-align: center;\"><a href=\"mailto:Gerenciabarranquilla@sacanucleosyanclajes.com &lt;Gerenciabarranquilla@sacanucleosyanclajes.com&gt;;\"><img loading=\"lazy\" decoding=\"async\" class=\"alignnone size-full wp-image-65\" src=\"https:\/\/sacanucleosyanclajes.com\/wp-content\/uploads\/2021\/11\/mail-e1637613785465.png\" alt=\"\" width=\"40\" height=\"29\" \/><\/a> <a href=\"https:\/\/www.linkedin.com\/company\/sacanucleosyanclajes\/\" target=\"_blank\" rel=\"noopener noreferrer\"><img loading=\"lazy\" decoding=\"async\" class=\"alignnone wp-image-39\" src=\"https:\/\/sacanucleosyanclajes.com\/wp-content\/uploads\/2021\/11\/linkedin-white-logo-png-14-e1559031419735-300x294-1-e1637916380200.png\" alt=\"\" width=\"31\" height=\"30\" srcset=\"https:\/\/sacanucleosyanclajes.com\/wp-content\/uploads\/2021\/11\/linkedin-white-logo-png-14-e1559031419735-300x294-1-e1637916380200.png 40w, https:\/\/sacanucleosyanclajes.com\/wp-content\/uploads\/2021\/11\/linkedin-white-logo-png-14-e1559031419735-300x294-1-150x150.png 150w\" sizes=\"auto, (max-width: 31px) 100vw, 31px\" \/><\/a><\/p>\n<\/div>\n<\/div><\/div><\/div><\/div><\/div><\/div>","protected":false},"excerpt":{"rendered":"<p>SACANUCLEOS Y ANCLAJES Puntos de anclaje certificado\u00a0 (cumpliendo Resoluci\u00f3n 4272 de 2021) , sistemas de seguridad para trabajos en alturas, Sellos Cortafuegos, L\u00edneas de Vida vertical y horizontal en guaya inoxidable, Retr\u00e1ctil, Demoliciones y Sacanucleos. Sistemas anti ca\u00eddas. &nbsp; &nbsp; Nuestros ServiciosBuscamos siempre la calidad, eficiencia y agilidad en obra. Nuestros colaboradores son personas amables, [&hellip;]<\/p>\n","protected":false},"author":1,"featured_media":0,"parent":0,"menu_order":0,"comment_status":"closed","ping_status":"closed","template":"","meta":{"footnotes":""},"class_list":["post-8","page","type-page","status-publish","hentry","post"],"_links":{"self":[{"href":"https:\/\/sacanucleosyanclajes.com\/index.php\/wp-json\/wp\/v2\/pages\/8","targetHints":{"allow":["GET"]}}],"collection":[{"href":"https:\/\/sacanucleosyanclajes.com\/index.php\/wp-json\/wp\/v2\/pages"}],"about":[{"href":"https:\/\/sacanucleosyanclajes.com\/index.php\/wp-json\/wp\/v2\/types\/page"}],"author":[{"embeddable":true,"href":"https:\/\/sacanucleosyanclajes.com\/index.php\/wp-json\/wp\/v2\/users\/1"}],"replies":[{"embeddable":true,"href":"https:\/\/sacanucleosyanclajes.com\/index.php\/wp-json\/wp\/v2\/comments?post=8"}],"version-history":[{"count":58,"href":"https:\/\/sacanucleosyanclajes.com\/index.php\/wp-json\/wp\/v2\/pages\/8\/revisions"}],"predecessor-version":[{"id":123,"href":"https:\/\/sacanucleosyanclajes.com\/index.php\/wp-json\/wp\/v2\/pages\/8\/revisions\/123"}],"wp:attachment":[{"href":"https:\/\/sacanucleosyanclajes.com\/index.php\/wp-json\/wp\/v2\/media?parent=8"}],"curies":[{"name":"wp","href":"https:\/\/api.w.org\/{rel}","templated":true}]}}